{"id":967,"date":"2025-11-16T23:25:50","date_gmt":"2025-11-16T22:25:50","guid":{"rendered":"https:\/\/webdev.cybermark.io\/blog\/"},"modified":"2026-04-07T20:54:21","modified_gmt":"2026-04-07T18:54:21","slug":"blogs","status":"publish","type":"page","link":"https:\/\/webdev.cybermark.io\/hr\/blogs\/","title":{"rendered":"Blog"},"content":{"rendered":"\n<section\n    class=\"blog-listing bg--white pt--lg pb--md\"\n    data-blog-root\n    data-ajax-url=\"https:\/\/webdev.cybermark.io\/hr\/wp-admin\/admin-ajax.php\"\n    data-lang=\"hr\"\n>\n    <div class=\"c\">\n        <h1>Cybermark Blog<\/h1>\n\n                    <div class=\"blog-listing__filters\" data-blog-filters>\n                <button\n                    type=\"button\"\n                    class=\"blog-filter is-active\"\n                    data-blog-filter\n                    data-slug=\"\"\n                >\n                    Vidi sve                <\/button>\n\n                                    <button\n                        type=\"button\"\n                        class=\"blog-filter\"\n                        data-blog-filter\n                        data-slug=\"cybersecurity-learning-center\"\n                    >\n                        Cybersecurity learning center                    <\/button>\n                                    <button\n                        type=\"button\"\n                        class=\"blog-filter\"\n                        data-blog-filter\n                        data-slug=\"nis2-zks\"\n                    >\n                        NIS2 &amp; ZKS                    <\/button>\n                            <\/div>\n        \n        \n            \n                            <div class=\"blog-listing__featured\">\n                                            <div class=\"blog-listing__featured-main\">\n                                <a class=\"blog blog--blog blog--featured\" href=\"https:\/\/webdev.cybermark.io\/hr\/blog\/nis2-direktiva-zks-5-nacina-kako-postici-uskladenost\/\">\n                    <div class=\"blog__image\">\n                <img loading=\"lazy\" decoding=\"async\" width=\"840\" height=\"473\" src=\"https:\/\/webdev.cybermark.io\/wp-content\/uploads\/2026\/03\/NIS-2-direktiva.png\" class=\"attachment-large size-large wp-post-image\" alt=\"NIS 2 direktiva, Shutterstock\" srcset=\"https:\/\/webdev.cybermark.io\/wp-content\/uploads\/2026\/03\/NIS-2-direktiva.png 840w, https:\/\/webdev.cybermark.io\/wp-content\/uploads\/2026\/03\/NIS-2-direktiva-300x169.png 300w, https:\/\/webdev.cybermark.io\/wp-content\/uploads\/2026\/03\/NIS-2-direktiva-768x432.png 768w\" sizes=\"auto, (max-width: 840px) 100vw, 840px\" \/>            <\/div>\n        \n        \n        <div class=\"subtitle\">NIS2 &amp; ZKS<\/div>\n        <h3 class=\"h5\">NIS2 Direktiva &amp; ZKS: 5 na\u010dina kako posti\u0107i uskla\u0111enost<\/h3>\n\n        <p class=\"excerpt\"><\/p>\n\n        <div class=\"more-info\">\n            <div class=\"author-image\">\n                                    <img loading=\"lazy\" decoding=\"async\" src=\"https:\/\/secure.gravatar.com\/avatar\/d35661f9a8bffc766b58a465d697a61acdeebab854e7286ccd8667ccf555f627?s=64&#038;d=mm&#038;r=g\" alt=\"Maja Cvetkovi\u0107 Rai\u0107\" width=\"1\" height=\"1\" \/>\n                            <\/div>\n\n            <div class=\"more-info__right\">\n                <p class=\"name\">\n                    <strong>Maja Cvetkovi\u0107 Rai\u0107<\/strong>\n                <\/p>\n                <p>\n                    <span>31 o\u017eujka 2026<\/span>\n                                            <span class=\"subtitle\">9 min read<\/span>\n                                    <\/p>\n            <\/div>\n        <\/div>\n\n            <\/a>\n                            <\/div>\n                    \n                                            <div class=\"blog-listing__featured-side\">\n                                                            <div class=\"blog-listing__featured-side-item\">\n                                        <a class=\"blog blog--blog blog--featured-small\" href=\"https:\/\/webdev.cybermark.io\/hr\/blog\/kiberneticka-sigurnost-pocinje-sa-cybermarkom\/\">\n                    <div class=\"blog__image\">\n                <img loading=\"lazy\" decoding=\"async\" width=\"1024\" height=\"576\" src=\"https:\/\/webdev.cybermark.io\/wp-content\/uploads\/2025\/11\/Kiberneticka-sigurnost-1024x576.jpg\" class=\"attachment-large size-large wp-post-image\" alt=\"Kiberneti\u010dka sigurnost\" srcset=\"https:\/\/webdev.cybermark.io\/wp-content\/uploads\/2025\/11\/Kiberneticka-sigurnost-1024x576.jpg 1024w, https:\/\/webdev.cybermark.io\/wp-content\/uploads\/2025\/11\/Kiberneticka-sigurnost-300x169.jpg 300w, https:\/\/webdev.cybermark.io\/wp-content\/uploads\/2025\/11\/Kiberneticka-sigurnost-768x432.jpg 768w, https:\/\/webdev.cybermark.io\/wp-content\/uploads\/2025\/11\/Kiberneticka-sigurnost.jpg 1200w\" sizes=\"auto, (max-width: 1024px) 100vw, 1024px\" \/>            <\/div>\n        \n                    <div class=\"blog__ctn\">\n        \n        <div class=\"subtitle\">Cybersecurity learning center<\/div>\n        <h3 class=\"h5\">Kiberneti\u010dka sigurnost po\u010dinje sa Cybermarkom<\/h3>\n\n        <p class=\"excerpt\">Lorem ipsum dolor sit amet, consectetur adipiscing elit. Aenean accumsan.<\/p>\n\n        <div class=\"more-info\">\n            <div class=\"author-image\">\n                                    <img loading=\"lazy\" decoding=\"async\" src=\"https:\/\/secure.gravatar.com\/avatar\/d35661f9a8bffc766b58a465d697a61acdeebab854e7286ccd8667ccf555f627?s=64&#038;d=mm&#038;r=g\" alt=\"Maja Cvetkovi\u0107 Rai\u0107\" width=\"1\" height=\"1\" \/>\n                            <\/div>\n\n            <div class=\"more-info__right\">\n                <p class=\"name\">\n                    <strong>Maja Cvetkovi\u0107 Rai\u0107<\/strong>\n                <\/p>\n                <p>\n                    <span>16 studenoga 2025<\/span>\n                                            <span class=\"subtitle\">17 min read<\/span>\n                                    <\/p>\n            <\/div>\n        <\/div>\n\n                    <\/div>\n            <\/a>\n                                    <\/div>\n                                                    <\/div>\n                                    <\/div>\n            \n            <!-- This is the container JS appends to (Load More) -->\n            <div class=\"blog-listing__list\" data-blog-list>\n                            <\/div>\n\n            \n            <\/div>\n<\/section>\n","protected":false},"excerpt":{"rendered":"","protected":false},"author":1,"featured_media":0,"parent":0,"menu_order":0,"comment_status":"closed","ping_status":"closed","template":"","meta":{"footnotes":""},"class_list":["post-967","page","type-page","status-publish","hentry"],"acf":[],"_links":{"self":[{"href":"https:\/\/webdev.cybermark.io\/hr\/wp-json\/wp\/v2\/pages\/967","targetHints":{"allow":["GET"]}}],"collection":[{"href":"https:\/\/webdev.cybermark.io\/hr\/wp-json\/wp\/v2\/pages"}],"about":[{"href":"https:\/\/webdev.cybermark.io\/hr\/wp-json\/wp\/v2\/types\/page"}],"author":[{"embeddable":true,"href":"https:\/\/webdev.cybermark.io\/hr\/wp-json\/wp\/v2\/users\/1"}],"replies":[{"embeddable":true,"href":"https:\/\/webdev.cybermark.io\/hr\/wp-json\/wp\/v2\/comments?post=967"}],"version-history":[{"count":2,"href":"https:\/\/webdev.cybermark.io\/hr\/wp-json\/wp\/v2\/pages\/967\/revisions"}],"predecessor-version":[{"id":969,"href":"https:\/\/webdev.cybermark.io\/hr\/wp-json\/wp\/v2\/pages\/967\/revisions\/969"}],"wp:attachment":[{"href":"https:\/\/webdev.cybermark.io\/hr\/wp-json\/wp\/v2\/media?parent=967"}],"curies":[{"name":"wp","href":"https:\/\/api.w.org\/{rel}","templated":true}]}}