{"id":901,"date":"2025-11-15T23:42:26","date_gmt":"2025-11-15T22:42:26","guid":{"rendered":"https:\/\/webdev.cybermark.io\/kontakt\/"},"modified":"2026-04-06T09:34:45","modified_gmt":"2026-04-06T07:34:45","slug":"kontakt","status":"publish","type":"page","link":"https:\/\/webdev.cybermark.io\/hr\/kontakt\/","title":{"rendered":"Kontakt"},"content":{"rendered":"\n<section class=\"hero\">\n        <div class=\"c hlb\">\n        <div class=\"hero__ctn\">\n                            <span class=\"subtitle\">Razgovarajmo<\/span>\n            \n                            <h1 class=\"display\">Kontaktirajte nas<\/h1>\n            \n                            <div class=\"desc\">\n                    <div class=\"contact__left\">\n<div class=\"desc\">\n<p>Zanima vas kako Cybermark mo\u017ee pomo\u0107i va\u0161oj organizaciji? Javite nam se i zajedno \u0107emo prona\u0107i pravo rje\u0161enje za vas.<\/p>\n<\/div>\n<\/div>\n<div class=\"contact__right\">\n<form class=\"hf-form hf-form-451 \" method=\"post\" data-id=\"451\" data-title=\"Contact Form\" data-slug=\"contact-form\" data-message-success=\"&lt;h2&gt;Thank you!&lt;\/h2&gt;&lt;h4&gt;We will be in touch soon.&lt;\/h4&gt;\" data-message-invalid-email=\"Sorry, that email address looks invalid.\" data-message-required-field-missing=\"Please fill in the required fields.\" data-message-error=\"Oops. An error occurred.\" data-message-recaptcha-failed=\"reCAPTCHA verification failed. Please try again.\" data-message-recaptcha-low-score=\"Your submission appears to be spam. Please try again.\">\n<div class=\"hf-fields-wrap\">\n<div class=\"form-row\"><\/div>\n<\/div>\n<\/form>\n<\/div>\n                <\/div>\n            \n            \n                    <\/div>\n\n        \n            <\/div>\n\n            <div class=\"hero__bg\">\n            <div class=\"overlay\"><\/div>\n            <img class=\"hero__image\"\n                 src=\"https:\/\/webdev.cybermark.io\/wp-content\/uploads\/2026\/02\/contact@2x-1024x491.webp\"\n                 srcset=\"https:\/\/webdev.cybermark.io\/wp-content\/uploads\/2026\/02\/contact@2x-1024x491.webp 1024w, https:\/\/webdev.cybermark.io\/wp-content\/uploads\/2026\/02\/contact@2x-300x144.webp 300w, https:\/\/webdev.cybermark.io\/wp-content\/uploads\/2026\/02\/contact@2x-768x368.webp 768w, https:\/\/webdev.cybermark.io\/wp-content\/uploads\/2026\/02\/contact@2x-1536x736.webp 1536w, https:\/\/webdev.cybermark.io\/wp-content\/uploads\/2026\/02\/contact@2x-2048x982.webp 2048w\"\n                 sizes=\"(max-width: 768px) 100vw, 1920px\"\n                 alt=\"\"\n                 loading=\"eager\"\n                 decoding=\"async\">\n        <\/div>\n    \n    <div class=\"line line--top\"><\/div>\n    <div class=\"line line--left\"><\/div>\n    <div class=\"line line--right\"><\/div>\n    <div class=\"line line--bottom\"><\/div>\n\n    \n    <\/section>\n\n\n<section class=\"contact bg--white pt--lg pb--md\">\n    <div class=\"c\">\n        <div class=\"contact__left\">\n                            <span class=\"subtitle\">PITANJA ?<\/span>\n            \n                            <h2 class=\"h2\">Kontaktirajte nas<\/h2>\n            \n                            <div class=\"desc\">\n                    <p>Zanima vas kako Cybermark mo\u017ee pomo\u0107i va\u0161oj organizaciji? Javite nam se i zajedno \u0107emo prona\u0107i pravo rje\u0161enje za vas<\/p>\n                <\/div>\n                    <\/div>\n\n        <div class=\"contact__right\">\n                    <!-- HTML Forms v1.6.1 - https:\/\/wordpress.org\/plugins\/html-forms\/ -->\n<form method=\"post\"  class=\"hf-form hf-form-451 \" data-id=\"451\" data-title=\"Contact Form\" data-slug=\"contact-form\" data-message-success=\"&lt;h2&gt;Thank you!&lt;\/h2&gt;&lt;h4&gt;We will be in touch soon.&lt;\/h4&gt;\" data-message-invalid-email=\"Sorry, that email address looks invalid.\" data-message-required-field-missing=\"Please fill in the required fields.\" data-message-error=\"Oops. An error occurred.\" data-message-recaptcha-failed=\"reCAPTCHA verification failed. Please try again.\" data-message-recaptcha-low-score=\"Your submission appears to be spam. Please try again.\"><input type=\"hidden\" name=\"_hf_form_id\" value=\"451\" \/><div style=\"display: none;\"><input type=\"text\" name=\"_hf_h451\" value=\"\" \/><\/div><div class=\"hf-fields-wrap\"><div class=\"form-row\">\r\n    <div class=\"form-col\">\r\n        <label>First name *<\/label>\r\n        <input type=\"text\" name=\"first-name\" placeholder=\"Enter your first name...\" required \/>\r\n    <\/div>\r\n  \t<div class=\"form-col\">\r\n        <label>Last name *<\/label>\r\n        <input type=\"text\" name=\"last-name\" placeholder=\"Enter your last name...\" required \/>\r\n    <\/div>\r\n<\/div>\r\n\r\n<div class=\"form-row\">\r\n    <div class=\"form-col\">\r\n        <label>Email address *<\/label>\r\n        <input type=\"email\" name=\"email\" placeholder=\"Enter your email address...\" required \/>\r\n    <\/div>\r\n  \t<div class=\"form-col\">\r\n        <label>Phone number *<\/label>\r\n        <input type=\"text\" name=\"phone\" placeholder=\"Enter your phone number...\" required \/>\r\n    <\/div>\r\n<\/div>\r\n<div class=\"form-row form-row--full\">\r\n    <div class=\"form-col\">\r\n        <label for=\"contact-form-MESSAGE\">Message *<\/label>\r\n\t\t<textarea name=\"MESSAGE\" placeholder=\"Enter your message....\" required id=\"contact-form-MESSAGE\"><\/textarea>\r\n    <\/div>\r\n<\/div>\r\n\r\n<div class=\"form-row form-row--full\">\r\n    <div class=\"form-col form-col--tos\">\r\n\t\t<span class=\"note\">This site is protected by reCAPTCHA and the Google <a href=\"#\">Privacy Policy<\/a> and <a href=\"#\">Terms of Service<\/a> apply.<\/span>\r\n  \t<\/div>\r\n<\/div>\r\n\r\n<div class=\"form-row form-row--full\">\r\n    <div class=\"form-col form-col--tos\">\r\n        <label><input type=\"checkbox\" name=\"CONSENT[]\" value=\"Accept\" \/> <span>I consent to Cybermark contacting me regarding the message I sent. More in our Privacy Policy**<\/span><\/label>\r\n  \t<\/div>\r\n<\/div>\r\n\r\n<div class=\"form-row form-row--full\">\r\n    <div class=\"form-col\">\r\n        <button class=\"btn btn btn--primary\" type=\"submit\">Send Message<\/button>\r\n    <\/div>\r\n<\/div>\r\n\r\n<noscript>Please enable JavaScript for this form to work.<\/noscript><\/div><\/form><!-- \/ HTML Forms -->                <\/div>\n    <\/div>\n<\/section>","protected":false},"excerpt":{"rendered":"","protected":false},"author":1,"featured_media":0,"parent":0,"menu_order":0,"comment_status":"closed","ping_status":"closed","template":"","meta":{"footnotes":""},"class_list":["post-901","page","type-page","status-publish","hentry"],"acf":[],"_links":{"self":[{"href":"https:\/\/webdev.cybermark.io\/hr\/wp-json\/wp\/v2\/pages\/901","targetHints":{"allow":["GET"]}}],"collection":[{"href":"https:\/\/webdev.cybermark.io\/hr\/wp-json\/wp\/v2\/pages"}],"about":[{"href":"https:\/\/webdev.cybermark.io\/hr\/wp-json\/wp\/v2\/types\/page"}],"author":[{"embeddable":true,"href":"https:\/\/webdev.cybermark.io\/hr\/wp-json\/wp\/v2\/users\/1"}],"replies":[{"embeddable":true,"href":"https:\/\/webdev.cybermark.io\/hr\/wp-json\/wp\/v2\/comments?post=901"}],"version-history":[{"count":12,"href":"https:\/\/webdev.cybermark.io\/hr\/wp-json\/wp\/v2\/pages\/901\/revisions"}],"predecessor-version":[{"id":2427,"href":"https:\/\/webdev.cybermark.io\/hr\/wp-json\/wp\/v2\/pages\/901\/revisions\/2427"}],"wp:attachment":[{"href":"https:\/\/webdev.cybermark.io\/hr\/wp-json\/wp\/v2\/media?parent=901"}],"curies":[{"name":"wp","href":"https:\/\/api.w.org\/{rel}","templated":true}]}}