{"id":889,"date":"2025-11-15T22:45:46","date_gmt":"2025-11-15T21:45:46","guid":{"rendered":"https:\/\/webdev.cybermark.io\/o-nama\/"},"modified":"2026-04-07T07:39:29","modified_gmt":"2026-04-07T05:39:29","slug":"o-nama","status":"publish","type":"page","link":"https:\/\/webdev.cybermark.io\/hr\/o-nama\/","title":{"rendered":"O nama"},"content":{"rendered":"\n<section class=\"hero\">\n        <div class=\"c hlb\">\n        <div class=\"hero__ctn\">\n                            <span class=\"subtitle\">O nama<\/span>\n            \n                            <h1 class=\"display\">Na\u0161a pri\u010da. Na\u0161a strategija. Na\u0161 utjecaj.<\/h1>\n            \n                            <div class=\"desc\">\n                    <p>Cybermark je nastao iz uvjerenja da se ljudskim rizikom mo\u017ee upravljati &#8211; strukturirano i dosljedno. Danas to uvjerenje potvr\u0111uju mjerljivi rezultati. Kombinacijom kontinuirane edukacije, AI phishing simulacija i vidljivosti prijetnji u stvarnom vremenu poma\u017eemo organizacijama smanjiti ranjivosti uzrokovane ljudskim faktorom i izgraditi \u010dvr\u0161\u0107u sigurnosnu kulturu.<\/p>\n                <\/div>\n            \n            \n                            <a class=\"btn btn--secondary btn--icon-yes js-popup-trigger\" href=\"#\">\n                    <span class=\"label\">Kontaktirajte nas<\/span>\n                                            <span class=\"btn-icon btn-icon--secondary\">\n                            <svg class=\"icon\" xmlns=\"http:\/\/www.w3.org\/2000\/svg\" fill=\"none\" viewBox=\"0 0 8 8\">\n    <path stroke-linecap=\"square\" stroke-miterlimit=\"10\" stroke-width=\"1.5\" d=\"M1.524.75h5.539v5.538m-.385-5.153L1.063 6.75\"><\/path>\n<\/svg>                        <\/span>\n                                    <\/a>\n                    <\/div>\n\n        \n            <\/div>\n\n            <div class=\"hero__bg\">\n            <div class=\"overlay\"><\/div>\n            <img class=\"hero__image\"\n                 src=\"https:\/\/webdev.cybermark.io\/wp-content\/uploads\/2026\/02\/about@2x-1024x480.webp\"\n                 srcset=\"https:\/\/webdev.cybermark.io\/wp-content\/uploads\/2026\/02\/about@2x-1024x480.webp 1024w, https:\/\/webdev.cybermark.io\/wp-content\/uploads\/2026\/02\/about@2x-300x141.webp 300w, https:\/\/webdev.cybermark.io\/wp-content\/uploads\/2026\/02\/about@2x-768x360.webp 768w, https:\/\/webdev.cybermark.io\/wp-content\/uploads\/2026\/02\/about@2x-1536x720.webp 1536w, https:\/\/webdev.cybermark.io\/wp-content\/uploads\/2026\/02\/about@2x-2048x960.webp 2048w\"\n                 sizes=\"(max-width: 768px) 100vw, 1920px\"\n                 alt=\"\"\n                 loading=\"eager\"\n                 decoding=\"async\">\n        <\/div>\n    \n    <div class=\"line line--top\"><\/div>\n    <div class=\"line line--left\"><\/div>\n    <div class=\"line line--right\"><\/div>\n    <div class=\"line line--bottom\"><\/div>\n\n    \n            <div class=\"hero__popup js-popup\">\n            <div class=\"c\">\n                <div class=\"hero__popup__left\">\n                    <img loading=\"lazy\" decoding=\"async\" class=\"mobile-image\" src=\"https:\/\/webdev.cybermark.io\/wp-content\/uploads\/2026\/02\/contact@2x-scaled.webp\" alt=\"\" width=\"2560\" height=\"1227\">\n                    <img loading=\"lazy\" decoding=\"async\" class=\"desktop-image\" src=\"https:\/\/webdev.cybermark.io\/wp-content\/uploads\/2026\/02\/shutterstock_2664404317-scaled.jpg\" alt=\"Contact us\" width=\"2560\" height=\"1706\">\n                <\/div>\n\n                <div class=\"hero__popup__right\">\n                    <div class=\"close js-close\">\n                        <svg class=\"icon\" xmlns=\"http:\/\/www.w3.org\/2000\/svg\" viewBox=\"0 0 256 256\">\n    <path d=\"M205.66 194.34a8 8 0 0 1-11.32 11.32L128 139.31l-66.34 66.35a8 8 0 0 1-11.32-11.32L116.69 128 50.34 61.66a8 8 0 0 1 11.32-11.32L128 116.69l66.34-66.35a8 8 0 0 1 11.32 11.32L139.31 128Z\"\/>\n<\/svg>                    <\/div>\n\n                    <div class=\"hero__popup__right__ctn\">\n                                                    <h3 class=\"h4\">Isprobajte Cybermark i pove\u0107ajte sigurnost va\u0161e organizacije<\/h3>\n                        \n                                                    <p>Jedan demo. Stvarni scenariji. Mjerljivi rezultati. Vidite kako Cybermark \u0161titi organizacije poput va\u0161e i kako vam mo\u017ee pomo\u0107i ve\u0107 danas<\/p>\n                        \n                                                                                <!-- HTML Forms v1.6.1 - https:\/\/wordpress.org\/plugins\/html-forms\/ -->\n<form method=\"post\"  class=\"hf-form hf-form-1731 \" data-id=\"1731\" data-title=\"Popup Form\" data-slug=\"popup-form\" data-message-success=\"&lt;h4&gt;Thank you!&lt;\/h4&gt;&lt;p&gt;We will be in touch soon.&lt;\/p&gt;\" data-message-invalid-email=\"Sorry, that email address looks invalid.\" data-message-required-field-missing=\"Please fill in the required fields.\" data-message-error=\"Oops. An error occurred.\" data-message-recaptcha-failed=\"reCAPTCHA verification failed. Please try again.\" data-message-recaptcha-low-score=\"Your submission appears to be spam. Please try again.\"><input type=\"hidden\" name=\"_hf_form_id\" value=\"1731\" \/><div style=\"display: none;\"><input type=\"text\" name=\"_hf_h1731\" value=\"\" \/><\/div><div class=\"hf-fields-wrap\"><div class=\"form-row\">\r\n    <div class=\"form-col\">\r\n        <label>Your name *<\/label>\r\n        <input type=\"text\" name=\"name\" placeholder=\"Enter your name\" required \/>\r\n    <\/div>\r\n<\/div>\r\n\r\n<div class=\"form-row\">\r\n    <div class=\"form-col\">\r\n        <label>Your company<\/label>\r\n        <input type=\"text\" name=\"company\" placeholder=\"Enter your company\" \/>\r\n    <\/div>\r\n<\/div>\r\n\r\n<div class=\"form-row\">\r\n    <div class=\"form-col\">\r\n        <label>Email address *<\/label>\r\n        <input type=\"email\" name=\"email\" placeholder=\"Enter your email address\" required \/>\r\n    <\/div>\r\n<\/div>\r\n<div class=\"form-row\">\r\n    <div class=\"form-col\">\r\n        <label>Phone number *<\/label>\r\n        <input type=\"text\" name=\"phone\" placeholder=\"Enter your phone number\" required \/>\r\n    <\/div>\r\n<\/div>\r\n\r\n<div class=\"form-row form-row--full\">\r\n    <div class=\"form-col form-col--tos\">\r\n        <label><input type=\"checkbox\" name=\"CONSENT[]\" value=\"Accept\" \/> <span>I consent to Cybermark contacting me.*<\/span><\/label>\r\n\t\t<span class=\"note\">This site is protected by reCAPTCHA and the Google <a href=\"#\">Privacy Policy<\/a> and <a href=\"#\">Terms of Service<\/a> apply.<\/span>\r\n  \t<\/div>\r\n<\/div>\r\n\r\n<div class=\"form-row form-row--full\">\r\n    <div class=\"form-col\">\r\n        <button class=\"btn btn btn--primary\" type=\"submit\">Send<\/button>\r\n    <\/div>\r\n<\/div><noscript>Please enable JavaScript for this form to work.<\/noscript><\/div><\/form><!-- \/ HTML Forms -->                           \n                    <\/div>\n                <\/div>\n            <\/div>\n\n            <div class=\"hero__popup__backdrop js-close\"><\/div>\n        <\/div>\n    <\/section>\n\n\n<section class=\"text-columns bg--white pt--md pb--md\">\n    <div class=\"c\">\n        <div class=\"text-columns__left\">\n            \n                            <h2 class=\"h1\">Vi\u0161e od tehnologije<\/h2>\n                    <\/div>\n\n                    <div class=\"text-columns__right text-columns__right--subtitle\">\n                <p class=\"font-claude-response-body break-words whitespace-normal leading-[1.7]\">Ve\u0107ina kiberneti\u010dkih incidenata ne po\u010dinje tehnolo\u0161kim propustom &#8211; po\u010dinje ljudskom pogre\u0161kom. Jedan klik, slaba lozinka ili previ\u0111eni znak upozorenja mogu zaobi\u0107i \u010dak i najnaprednije sigurnosne sustave. Istovremeno, regulatorni zahtjevi rastu, a od organizacija se o\u010dekuje da aktivno upravljaju kiberneti\u010dkim rizicima i dokazuju to &#8211; uklju\u010duju\u0107i i ljudski faktor.<\/p>\n<p class=\"font-claude-response-body break-words whitespace-normal leading-[1.7]\">Ipak, mnoge tvrtke nemaju jasan uvid u svoju stvarnu izlo\u017eenost. Ne znaju koliko su njihovi zaposlenici ranjivi, koji timovi su pod ve\u0107im rizikom ili donose li njihovi programi edukacije ikakvu stvarnu promjenu. Tradicionalne, jednokratne edukacije mogu zadovoljiti formalne zahtjeve- ali rijetko sustavno mijenjaju pona\u0161anje zaposlenika.<\/p>\n<p class=\"font-claude-response-body break-words whitespace-normal leading-[1.7]\">Cybermark rje\u0161ava taj jaz strukturiranim i mjerljivim pristupom &#8211; kombinacijom kontinuirane obuke, AI phishing simulacija i izvje\u0161tavanja o prijetnjama u stvarnom vremenu kako bi zaposlenici postali sna\u017enija i otpornija linija obrane.<\/p>\n            <\/div>\n            <\/div>\n<\/section>\n\n\n<section class=\"protect bg--light reverse--yes pt--md pb--xs\">\n    <div class=\"c\">\n        <div class=\"protect__left\">\n                            <div class=\"lottie\" data-lottie=\"https:\/\/webdev.cybermark.io\/wp-content\/uploads\/2026\/02\/Property-1-Default-1-1.json\"><\/div>\n                                <\/div>\n\n        <div class=\"protect__right\">\n                            <span class=\"subtitle\">Pregled<\/span>\n            \n                            <h2 class=\"h2\">O nama<\/h2>\n            \n                            <div class=\"desc\">\n                    <p>Cybermark je platforma za kiberneti\u010dku sigurnost koja kombinira edukaciju, AI phishing simulacije i detekciju prijetnji u stvarnom vremenu, omogu\u010duju\u0107i organizacijama smanjenje ljudskog rizik na mjerljiv na\u010din.<\/p>\n                <\/div>\n            \n                            <div class=\"features\">\n                                            <div class=\"feature\">\n                            <div class=\"feature__headline\">\n                                                                    <div class=\"card-icon\">\n                                        <img loading=\"lazy\" decoding=\"async\" src=\"https:\/\/webdev.cybermark.io\/wp-content\/uploads\/2025\/11\/story.svg\" alt=\"\" width=\"24\" height=\"24\">\n                                    <\/div>\n                                                                    \n                                                                    <h3 class=\"h5\">Na\u0161a misija<\/h3>\n                                                            <\/div>\n\n                                                            <div class=\"desc\"><p class=\"font-claude-response-body break-words whitespace-normal leading-[1.7]\">Na\u0161a misija je promijeniti na\u010din na koji organizacije gledaju na ljudski faktor. Kroz strukturiranu edukaciju, AI simulacije i mjerljive rezultate, podi\u0107i svijest djelatnika i pove\u0107ati otpornost organizacija na kiberneti\u010dke prijetnje.<\/p>\n<\/div>\n                                                    \n                        <\/div>\n                                            <div class=\"feature\">\n                            <div class=\"feature__headline\">\n                                                                    <div class=\"card-icon\">\n                                        <img loading=\"lazy\" decoding=\"async\" src=\"https:\/\/webdev.cybermark.io\/wp-content\/uploads\/2025\/11\/note-2.svg\" alt=\"\" width=\"24\" height=\"24\">\n                                    <\/div>\n                                                                    \n                                                                    <h3 class=\"h5\">Na\u0161a vizija<\/h3>\n                                                            <\/div>\n\n                                                            <div class=\"desc\"><p>Vjerujemo da budu\u0107nost kiberneti\u010dke sigurnosti le\u017ei u discipliniranom i preciznom upravljanju ljudskim rizikom &#8211; gdje otpornost nije naknadna misao, ve\u0107 operativni standard svake organizacije.<\/p>\n<\/div>\n                                                    \n                        <\/div>\n                                    <\/div>\n            \n            \n                    <\/div>\n    <\/div>\n\n    <\/section>\n\n\n<section class=\"stats-v2 bg--black pt--md pb--md\">\n    <div class=\"c\">\n        <div class=\"stats-v2__items\">\n                            <div class=\"item item--left\">\n                                        <div class=\"icon-number\">\n                        \n                                                    <span class=\"number h1\"><span class=\"js-number\">20<\/span>x<\/span>\n                                            <\/div>\n\n                                            <p>Korisnici i tvrtke koje koriste Cybermark bilje\u017ee do 20 puta manju stopu uspje\u0161nih phishing napada.<\/p>\n                                    <\/div>\n                            <div class=\"item item--left\">\n                                        <div class=\"icon-number\">\n                        \n                                                    <span class=\"number h1\"><span class=\"js-number\">90<\/span>%<\/span>\n                                            <\/div>\n\n                                            <p>Stopa anga\u017eiranosti korisnika koji koriste Cybermark za sigurnosnu edukaciju i podizanje svijesti.<\/p>\n                                    <\/div>\n                            <div class=\"item item--left\">\n                                        <div class=\"icon-number\">\n                        \n                                                    <span class=\"number h1\"><span class=\"js-number\">75<\/span>%<\/span>\n                                            <\/div>\n\n                                            <p>Korisnici i tvrtke koje koriste Cybermark otkrivaju 75% vi\u0161e phishing napada prije nego \u0161to naprave \u0161tetu.<\/p>\n                                    <\/div>\n                    <\/div>\n    <\/div>\n<\/section>\n\n\n<section class=\"trusted-v2 bg--white pt--md pb--md\">\n    <div class=\"c\">\n        <div class=\"trusted-v2__left\">\n                            <span class=\"subtitle\">Prilago\u0111eno vama<\/span>\n                        \n                            <h2 class=\"h1\">Za svaku industriju<\/h2>\n            \n                            <div class=\"desc\">\n                    <p>Od tvrtki u rastu do slo\u017eenih poduze\u0107a, organizacije se oslanjaju na strukturirani pristup kako bi smanjile ljudski kiberneti\u010dki rizik i oja\u010dale operativnu otpornost.<\/p>\n                <\/div>\n                    <\/div>\n\n        <div class=\"trusted-v2__right\">\n                            <div class=\"trusted-v2__logos\">\n                    <div class=\"swiper swiper1\">\n                        <div class=\"swiper-wrapper\">\n                                                    <div class=\"logo swiper-slide\">\n                                <img loading=\"lazy\" decoding=\"async\" src=\"https:\/\/webdev.cybermark.io\/wp-content\/uploads\/2026\/02\/samoborcek-testimonial.png\" alt=\"\" width=\"240\" height=\"124\" \/>\n                            <\/div>\n                                                    <div class=\"logo swiper-slide\">\n                                <img loading=\"lazy\" decoding=\"async\" src=\"https:\/\/webdev.cybermark.io\/wp-content\/uploads\/2026\/02\/zdenka-testimonial.png\" alt=\"\" width=\"240\" height=\"124\" \/>\n                            <\/div>\n                                                    <div class=\"logo swiper-slide\">\n                                <img loading=\"lazy\" decoding=\"async\" src=\"https:\/\/webdev.cybermark.io\/wp-content\/uploads\/2026\/02\/jgl-testimonial.png\" alt=\"\" width=\"240\" height=\"124\" \/>\n                            <\/div>\n                                                    <div class=\"logo swiper-slide\">\n                                <img loading=\"lazy\" decoding=\"async\" src=\"https:\/\/webdev.cybermark.io\/wp-content\/uploads\/2026\/02\/duplico-testimonial.png\" alt=\"\" width=\"240\" height=\"124\" \/>\n                            <\/div>\n                                                    <div class=\"logo swiper-slide\">\n                                <img loading=\"lazy\" decoding=\"async\" src=\"https:\/\/webdev.cybermark.io\/wp-content\/uploads\/2026\/02\/ortorea-testimonial-03022026-1-1.png\" alt=\"\" width=\"240\" height=\"124\" \/>\n                            <\/div>\n                                                    <div class=\"logo swiper-slide\">\n                                <img loading=\"lazy\" decoding=\"async\" src=\"https:\/\/webdev.cybermark.io\/wp-content\/uploads\/2026\/02\/samoborcek-testimonial.png\" alt=\"\" width=\"240\" height=\"124\" \/>\n                            <\/div>\n                                                    <div class=\"logo swiper-slide\">\n                                <img loading=\"lazy\" decoding=\"async\" src=\"https:\/\/webdev.cybermark.io\/wp-content\/uploads\/2026\/02\/zdenka-testimonial.png\" alt=\"\" width=\"240\" height=\"124\" \/>\n                            <\/div>\n                                                    <div class=\"logo swiper-slide\">\n                                <img loading=\"lazy\" decoding=\"async\" src=\"https:\/\/webdev.cybermark.io\/wp-content\/uploads\/2026\/02\/jgl-testimonial.png\" alt=\"\" width=\"240\" height=\"124\" \/>\n                            <\/div>\n                                                    <div class=\"logo swiper-slide\">\n                                <img loading=\"lazy\" decoding=\"async\" src=\"https:\/\/webdev.cybermark.io\/wp-content\/uploads\/2026\/02\/duplico-testimonial.png\" alt=\"\" width=\"240\" height=\"124\" \/>\n                            <\/div>\n                                                    <div class=\"logo swiper-slide\">\n                                <img loading=\"lazy\" decoding=\"async\" src=\"https:\/\/webdev.cybermark.io\/wp-content\/uploads\/2026\/02\/ortorea-testimonial-03022026-1-1.png\" alt=\"\" width=\"240\" height=\"124\" \/>\n                            <\/div>\n                                                <\/div>\n                    <\/div>\n                <\/div>\n            \n                            <div class=\"trusted-v2__logos\">\n                    <div class=\"swiper swiper2\">\n                        <div class=\"swiper-wrapper\">\n                                                    <div class=\"logo swiper-slide\">\n                                <img loading=\"lazy\" decoding=\"async\" src=\"https:\/\/webdev.cybermark.io\/wp-content\/uploads\/2026\/02\/samoborcek-testimonial.png\" alt=\"\" width=\"240\" height=\"124\" \/>\n                            <\/div>\n                                                    <div class=\"logo swiper-slide\">\n                                <img loading=\"lazy\" decoding=\"async\" src=\"https:\/\/webdev.cybermark.io\/wp-content\/uploads\/2026\/02\/zdenka-testimonial.png\" alt=\"\" width=\"240\" height=\"124\" \/>\n                            <\/div>\n                                                    <div class=\"logo swiper-slide\">\n                                <img loading=\"lazy\" decoding=\"async\" src=\"https:\/\/webdev.cybermark.io\/wp-content\/uploads\/2026\/02\/jgl-testimonial.png\" alt=\"\" width=\"240\" height=\"124\" \/>\n                            <\/div>\n                                                    <div class=\"logo swiper-slide\">\n                                <img loading=\"lazy\" decoding=\"async\" src=\"https:\/\/webdev.cybermark.io\/wp-content\/uploads\/2026\/02\/duplico-testimonial.png\" alt=\"\" width=\"240\" height=\"124\" \/>\n                            <\/div>\n                                                    <div class=\"logo swiper-slide\">\n                                <img loading=\"lazy\" decoding=\"async\" src=\"https:\/\/webdev.cybermark.io\/wp-content\/uploads\/2026\/02\/ortorea-testimonial-03022026-1-1.png\" alt=\"\" width=\"240\" height=\"124\" \/>\n                            <\/div>\n                                                    <div class=\"logo swiper-slide\">\n                                <img loading=\"lazy\" decoding=\"async\" src=\"https:\/\/webdev.cybermark.io\/wp-content\/uploads\/2026\/02\/samoborcek-testimonial.png\" alt=\"\" width=\"240\" height=\"124\" \/>\n                            <\/div>\n                                                    <div class=\"logo swiper-slide\">\n                                <img loading=\"lazy\" decoding=\"async\" src=\"https:\/\/webdev.cybermark.io\/wp-content\/uploads\/2026\/02\/zdenka-testimonial.png\" alt=\"\" width=\"240\" height=\"124\" \/>\n                            <\/div>\n                                                    <div class=\"logo swiper-slide\">\n                                <img loading=\"lazy\" decoding=\"async\" src=\"https:\/\/webdev.cybermark.io\/wp-content\/uploads\/2026\/02\/jgl-testimonial.png\" alt=\"\" width=\"240\" height=\"124\" \/>\n                            <\/div>\n                                                    <div class=\"logo swiper-slide\">\n                                <img loading=\"lazy\" decoding=\"async\" src=\"https:\/\/webdev.cybermark.io\/wp-content\/uploads\/2026\/02\/duplico-testimonial.png\" alt=\"\" width=\"240\" height=\"124\" \/>\n                            <\/div>\n                                                    <div class=\"logo swiper-slide\">\n                                <img loading=\"lazy\" decoding=\"async\" src=\"https:\/\/webdev.cybermark.io\/wp-content\/uploads\/2026\/02\/ortorea-testimonial-03022026-1-1.png\" alt=\"\" width=\"240\" height=\"124\" \/>\n                            <\/div>\n                                                <\/div>\n                    <\/div>\n                <\/div>\n                    <\/div>\n    <\/div>    \n<\/section>\n\n\n<section class=\"contact bg--light pt--md pb--md\">\n    <div class=\"c\">\n        <div class=\"contact__left\">\n                            <span class=\"subtitle\">Imate pitanja?<\/span>\n            \n                            <h2 class=\"h1\">Kontaktirajte nas<\/h2>\n            \n                            <div class=\"desc\">\n                    <p>\u017delite razgovarati o izazovu, projektu, proizvodu ili \u017eeljenoj usluzi s \u010dlanom na\u0161eg tima? Na pravom ste mjestu. Podijelite svoje kontakt podatke i na\u0161 \u0107e vas tim uskoro kontaktirati.<\/p>\n                <\/div>\n                    <\/div>\n\n        <div class=\"contact__right\">\n                    <!-- HTML Forms v1.6.1 - https:\/\/wordpress.org\/plugins\/html-forms\/ -->\n<form method=\"post\"  class=\"hf-form hf-form-451 \" data-id=\"451\" data-title=\"Contact Form\" data-slug=\"contact-form\" data-message-success=\"&lt;h2&gt;Thank you!&lt;\/h2&gt;&lt;h4&gt;We will be in touch soon.&lt;\/h4&gt;\" data-message-invalid-email=\"Sorry, that email address looks invalid.\" data-message-required-field-missing=\"Please fill in the required fields.\" data-message-error=\"Oops. An error occurred.\" data-message-recaptcha-failed=\"reCAPTCHA verification failed. Please try again.\" data-message-recaptcha-low-score=\"Your submission appears to be spam. Please try again.\"><input type=\"hidden\" name=\"_hf_form_id\" value=\"451\" \/><div style=\"display: none;\"><input type=\"text\" name=\"_hf_h451\" value=\"\" \/><\/div><div class=\"hf-fields-wrap\"><div class=\"form-row\">\r\n    <div class=\"form-col\">\r\n        <label>First name *<\/label>\r\n        <input type=\"text\" name=\"first-name\" placeholder=\"Enter your first name...\" required \/>\r\n    <\/div>\r\n  \t<div class=\"form-col\">\r\n        <label>Last name *<\/label>\r\n        <input type=\"text\" name=\"last-name\" placeholder=\"Enter your last name...\" required \/>\r\n    <\/div>\r\n<\/div>\r\n\r\n<div class=\"form-row\">\r\n    <div class=\"form-col\">\r\n        <label>Email address *<\/label>\r\n        <input type=\"email\" name=\"email\" placeholder=\"Enter your email address...\" required \/>\r\n    <\/div>\r\n  \t<div class=\"form-col\">\r\n        <label>Phone number *<\/label>\r\n        <input type=\"text\" name=\"phone\" placeholder=\"Enter your phone number...\" required \/>\r\n    <\/div>\r\n<\/div>\r\n<div class=\"form-row form-row--full\">\r\n    <div class=\"form-col\">\r\n        <label for=\"contact-form-MESSAGE\">Message *<\/label>\r\n\t\t<textarea name=\"MESSAGE\" placeholder=\"Enter your message....\" required id=\"contact-form-MESSAGE\"><\/textarea>\r\n    <\/div>\r\n<\/div>\r\n\r\n<div class=\"form-row form-row--full\">\r\n    <div class=\"form-col form-col--tos\">\r\n\t\t<span class=\"note\">This site is protected by reCAPTCHA and the Google <a href=\"#\">Privacy Policy<\/a> and <a href=\"#\">Terms of Service<\/a> apply.<\/span>\r\n  \t<\/div>\r\n<\/div>\r\n\r\n<div class=\"form-row form-row--full\">\r\n    <div class=\"form-col form-col--tos\">\r\n        <label><input type=\"checkbox\" name=\"CONSENT[]\" value=\"Accept\" \/> <span>I consent to Cybermark contacting me regarding the message I sent. More in our Privacy Policy**<\/span><\/label>\r\n  \t<\/div>\r\n<\/div>\r\n\r\n<div class=\"form-row form-row--full\">\r\n    <div class=\"form-col\">\r\n        <button class=\"btn btn btn--primary\" type=\"submit\">Send Message<\/button>\r\n    <\/div>\r\n<\/div>\r\n\r\n<noscript>Please enable JavaScript for this form to work.<\/noscript><\/div><\/form><!-- \/ HTML Forms -->                <\/div>\n    <\/div>\n<\/section>","protected":false},"excerpt":{"rendered":"","protected":false},"author":1,"featured_media":0,"parent":0,"menu_order":0,"comment_status":"closed","ping_status":"closed","template":"","meta":{"footnotes":""},"class_list":["post-889","page","type-page","status-publish","hentry"],"acf":[],"_links":{"self":[{"href":"https:\/\/webdev.cybermark.io\/hr\/wp-json\/wp\/v2\/pages\/889","targetHints":{"allow":["GET"]}}],"collection":[{"href":"https:\/\/webdev.cybermark.io\/hr\/wp-json\/wp\/v2\/pages"}],"about":[{"href":"https:\/\/webdev.cybermark.io\/hr\/wp-json\/wp\/v2\/types\/page"}],"author":[{"embeddable":true,"href":"https:\/\/webdev.cybermark.io\/hr\/wp-json\/wp\/v2\/users\/1"}],"replies":[{"embeddable":true,"href":"https:\/\/webdev.cybermark.io\/hr\/wp-json\/wp\/v2\/comments?post=889"}],"version-history":[{"count":61,"href":"https:\/\/webdev.cybermark.io\/hr\/wp-json\/wp\/v2\/pages\/889\/revisions"}],"predecessor-version":[{"id":2514,"href":"https:\/\/webdev.cybermark.io\/hr\/wp-json\/wp\/v2\/pages\/889\/revisions\/2514"}],"wp:attachment":[{"href":"https:\/\/webdev.cybermark.io\/hr\/wp-json\/wp\/v2\/media?parent=889"}],"curies":[{"name":"wp","href":"https:\/\/api.w.org\/{rel}","templated":true}]}}